{"id":525,"date":"2017-04-04T18:23:42","date_gmt":"2017-04-05T00:23:42","guid":{"rendered":"http:\/\/www.neuroticosanonimosbv.org.mx\/sitio\/?page_id=525"},"modified":"2025-08-28T00:16:24","modified_gmt":"2025-08-28T06:16:24","slug":"directorio-en-texcoco-edomex","status":"publish","type":"page","link":"https:\/\/www.neuroticosanonimosbv.org.mx\/sitio\/directorio-en-texcoco-edomex\/","title":{"rendered":"Directorio en Texcoco, EdoMex"},"content":{"rendered":"<p>&nbsp;<\/p>\n<table class=\"bvcelda1\">\n<tbody>\n<tr>\n<td class=\"bvcelda1 bvt9\" style=\"vertical-align: top;\" width=\"40%\"><b>Buena Voluntad Texcoco<\/b><br \/>\nCalle Moctezuma No. 110<br \/>\nCol. Ahuehuetes<br \/>\nTexcoco<br \/>\nEdo. de M\u00e9xico<br \/>\nTel. (595) 954-2664<br \/>\nCorreo e: bv_texcoco2@yahoo.com.mx<br \/>\nHorario:<br \/>\nLunes a Domingo de 08:00 a 22:00<br \/>\nNeur-A-Teen<br \/>\nMi\u00e9rcoles de 16:00 a 18:00 y S\u00e1bado de 12:00 a 14:00<\/td>\n<td class=\"bvcelda1\" width=\"60%\"><iframe loading=\"lazy\" style=\"border: 0;\" src=\"https:\/\/www.google.com\/maps\/embed?pb=!1m18!1m12!1m3!1d3760.767994547678!2d-98.88269468509216!3d19.508614986841152!2m3!1f0!2f0!3f0!3m2!1i1024!2i768!4f13.1!3m3!1m2!1s0x0%3A0xe5898be6449f1561!2sGrupo+B.+V.+Texcoco!5e0!3m2!1ses!2s!4v1492733103176\" width=\"600\" height=\"350\" frameborder=\"0\" allowfullscreen=\"allowfullscreen\"><\/iframe><\/td>\n<\/tr>\n<\/tbody>\n<\/table>\n<p>&nbsp;<\/p>\n<table class=\"bvcelda1\">\n<tbody>\n<tr>\n<td class=\"bvcelda1 bvt9\" style=\"vertical-align: top;\" width=\"40%\"><b>Buena Voluntad Ampliaci\u00f3n Texcoco<\/b><br \/>\nNicol\u00e1s Bravo No. 336<br \/>\nCol. Centro<br \/>\nTexcoco<br \/>\nEdo. de M\u00e9xico<br \/>\nTel. (595) 952-9579<br \/>\nHorario: Lunes a Domingo las 24 Horas.<br \/>\nServicios Adicionales:<br \/>\nNeur-A-Teen<br \/>\nHorario: S\u00e1bado de 10:00 a 14:00<br \/>\nCasa Hogar<\/td>\n<td class=\"bvcelda1\" width=\"60%\"><iframe loading=\"lazy\" style=\"border: 0;\" src=\"https:\/\/www.google.com\/maps\/embed?pb=!1m18!1m12!1m3!1d3760.647487444526!2d-98.88985698509201!3d19.513796386838163!2m3!1f0!2f0!3f0!3m2!1i1024!2i768!4f13.1!3m3!1m2!1s0x0%3A0x886a84b6c6d85340!2sBuena+Voluntad+Ampliaci%C3%B3n+Texcoco!5e0!3m2!1ses!2s!4v1492633653490\" width=\"600\" height=\"350\" frameborder=\"0\" allowfullscreen=\"allowfullscreen\"><\/iframe><\/td>\n<\/tr>\n<\/tbody>\n<\/table>\n","protected":false},"excerpt":{"rendered":"<p>&nbsp; Buena Voluntad Texcoco Calle Moctezuma No. 110 Col. Ahuehuetes Texcoco Edo. de M\u00e9xico Tel. (595) 954-2664 Correo e: bv_texcoco2@yahoo.com.mx Horario: Lunes a Domingo de 08:00 a 22:00 Neur-A-Teen Mi\u00e9rcoles de 16:00 a 18:00 y S\u00e1bado de 12:00 a 14:00 &nbsp; Buena Voluntad Ampliaci\u00f3n Texcoco Nicol\u00e1s Bravo No. 336 Col. Centro Texcoco Edo. de M\u00e9xico &hellip; <a href=\"https:\/\/www.neuroticosanonimosbv.org.mx\/sitio\/directorio-en-texcoco-edomex\/\" class=\"more-link\">Continuar leyendo<span class=\"screen-reader-text\"> &#8220;Directorio en Texcoco, EdoMex&#8221;<\/span><\/a><\/p>\n","protected":false},"author":4,"featured_media":0,"parent":0,"menu_order":0,"comment_status":"closed","ping_status":"closed","template":"","meta":{"footnotes":""},"class_list":["post-525","page","type-page","status-publish","hentry"],"_links":{"self":[{"href":"https:\/\/www.neuroticosanonimosbv.org.mx\/sitio\/wp-json\/wp\/v2\/pages\/525","targetHints":{"allow":["GET"]}}],"collection":[{"href":"https:\/\/www.neuroticosanonimosbv.org.mx\/sitio\/wp-json\/wp\/v2\/pages"}],"about":[{"href":"https:\/\/www.neuroticosanonimosbv.org.mx\/sitio\/wp-json\/wp\/v2\/types\/page"}],"author":[{"embeddable":true,"href":"https:\/\/www.neuroticosanonimosbv.org.mx\/sitio\/wp-json\/wp\/v2\/users\/4"}],"replies":[{"embeddable":true,"href":"https:\/\/www.neuroticosanonimosbv.org.mx\/sitio\/wp-json\/wp\/v2\/comments?post=525"}],"version-history":[{"count":7,"href":"https:\/\/www.neuroticosanonimosbv.org.mx\/sitio\/wp-json\/wp\/v2\/pages\/525\/revisions"}],"predecessor-version":[{"id":3511,"href":"https:\/\/www.neuroticosanonimosbv.org.mx\/sitio\/wp-json\/wp\/v2\/pages\/525\/revisions\/3511"}],"wp:attachment":[{"href":"https:\/\/www.neuroticosanonimosbv.org.mx\/sitio\/wp-json\/wp\/v2\/media?parent=525"}],"curies":[{"name":"wp","href":"https:\/\/api.w.org\/{rel}","templated":true}]}}