{"id":480,"date":"2017-04-04T17:41:25","date_gmt":"2017-04-04T23:41:25","guid":{"rendered":"http:\/\/www.neuroticosanonimosbv.org.mx\/sitio\/?page_id=480"},"modified":"2026-02-11T19:16:49","modified_gmt":"2026-02-12T01:16:49","slug":"directorio-en-venustiano-carranza-cdmx","status":"publish","type":"page","link":"https:\/\/www.neuroticosanonimosbv.org.mx\/sitio\/directorio-en-venustiano-carranza-cdmx\/","title":{"rendered":"Directorio en Venustiano Carranza, CDMX"},"content":{"rendered":"<table class=\"bvcelda1\">\n<tbody>\n<tr>\n<td class=\"bvcelda1 bvt9\" style=\"vertical-align: top;\" width=\"40%\"><b>Buena Voluntad Ocean\u00eda<\/b><br \/>\nAvenida 509, No. 93<br \/>\nUnidad Habitacional San Juan de Arag\u00f3n<br \/>\nSegunda Secci\u00f3n, Alcald\u00eda Venustiano Carranza<br \/>\nCiudad de M\u00e9xico, C.P. 07969<br \/>\nTels. 55-57-51-95-67<br \/>\n55-88-60-61-55<br \/>\nCorreo e: bvoceania@yahoo.com.mx<br \/>\nLunes a domingo de 14:00 a 00:00 hrs.<br \/>\nServicios Adicionales:<br \/>\nNeur-A-Teen<br \/>\nMi\u00e9rcoles de 18:00 a 20:00 hrs (j\u00f3venes de 13 a 16 a\u00f1os)<br \/>\nS\u00e1bado de 15:00 a 17:00 hrs. (ni\u00f1os de 8 a 12 a\u00f1os) y de 17:00 a 19:00 hrs. (j\u00f3venes de 13 a 16 a\u00f1os)<\/td>\n<td class=\"bvcelda1\" width=\"60%\"><iframe src=\"https:\/\/www.google.com\/maps\/embed?pb=!1m18!1m12!1m3!1d15048.53824486156!2d-99.0928308302246!3d19.449764400000014!2m3!1f0!2f0!3f0!3m2!1i1024!2i768!4f13.1!3m3!1m2!1s0x85d1fbeddaccdd53%3A0xa4490c7d5adadd3e!2sAv.%20504%2093%2C%20San%20Juan%20de%20Arag%C3%B3n%20II%20Secc%2C%20Gustavo%20A.%20Madero%2C%2007969%20Ciudad%20de%20M%C3%A9xico%2C%20CDMX%2C%20Mexico!5e0!3m2!1sen!2sus!4v1680397080258!5m2!1sen!2sus\" width=\"600\" height=\"350\" style=\"border:0;\" allowfullscreen=\"\" loading=\"lazy\" referrerpolicy=\"no-referrer-when-downgrade\"><\/iframe><\/td>\n<\/tr>\n<\/tbody>\n<\/table>\n<table class=\"bvcelda1\">\n<tbody>\n<tr>\n<td class=\"bvcelda1 bvt9\" style=\"vertical-align: top;\" width=\"40%\"><b>Buena Voluntad Zaragoza<\/b><br \/>\nCalle 31 No. 7<br \/>\nColonia Valent\u00edn G\u00f3mez Far\u00edas<br \/>\n(Cerca del metro G\u00f3mez Far\u00edas)<br \/>\nAlcald\u00eda Venustiano Carranza<br \/>\nCiudad de M\u00e9xico<br \/>\nTel.: (55) 5762-4692 y (55) 8191-8744<br \/>\nCorreo e: bv_zaragoza@yahoo.com.mx<br \/>\nHorario: Lunes a domingo de 09:00 a 13:00 hrs y de 16:00 a 22:00 hrs.<\/td>\n<td class=\"bvcelda1\" width=\"60%\"><iframe loading=\"lazy\" style=\"border: 0;\" src=\"https:\/\/www.google.com\/maps\/embed?pb=!1m18!1m12!1m3!1d3762.918660857132!2d-99.09320254939713!3d19.41592008682937!2m3!1f0!2f0!3f0!3m2!1i1024!2i768!4f13.1!3m3!1m2!1s0x85d1fc19c4c9a89b%3A0x28df466c74ab91e6!2zQ2FsbGUgMzEgNywgVmFsZW50w61uIEfDs21leiBGYXLDrWFzLCAxNTAxMCBDaXVkYWQgZGUgTcOpeGljbywgQ0RNWCwgTcOpeGljbw!5e0!3m2!1ses!2s!4v1492632196072\" width=\"600\" height=\"350\" frameborder=\"0\" allowfullscreen=\"allowfullscreen\"><\/iframe><\/td>\n<\/tr>\n<\/tbody>\n<\/table>\n","protected":false},"excerpt":{"rendered":"<p>Buena Voluntad Ocean\u00eda Avenida 509, No. 93 Unidad Habitacional San Juan de Arag\u00f3n Segunda Secci\u00f3n, Alcald\u00eda Venustiano Carranza Ciudad de M\u00e9xico, C.P. 07969 Tels. 55-57-51-95-67 55-88-60-61-55 Correo e: bvoceania@yahoo.com.mx Lunes a domingo de 14:00 a 00:00 hrs. Servicios Adicionales: Neur-A-Teen Mi\u00e9rcoles de 18:00 a 20:00 hrs (j\u00f3venes de 13 a 16 a\u00f1os) S\u00e1bado de 15:00 &hellip; <a href=\"https:\/\/www.neuroticosanonimosbv.org.mx\/sitio\/directorio-en-venustiano-carranza-cdmx\/\" class=\"more-link\">Continuar leyendo<span class=\"screen-reader-text\"> &#8220;Directorio en Venustiano Carranza, CDMX&#8221;<\/span><\/a><\/p>\n","protected":false},"author":4,"featured_media":0,"parent":0,"menu_order":0,"comment_status":"closed","ping_status":"closed","template":"","meta":{"footnotes":""},"class_list":["post-480","page","type-page","status-publish","hentry"],"_links":{"self":[{"href":"https:\/\/www.neuroticosanonimosbv.org.mx\/sitio\/wp-json\/wp\/v2\/pages\/480","targetHints":{"allow":["GET"]}}],"collection":[{"href":"https:\/\/www.neuroticosanonimosbv.org.mx\/sitio\/wp-json\/wp\/v2\/pages"}],"about":[{"href":"https:\/\/www.neuroticosanonimosbv.org.mx\/sitio\/wp-json\/wp\/v2\/types\/page"}],"author":[{"embeddable":true,"href":"https:\/\/www.neuroticosanonimosbv.org.mx\/sitio\/wp-json\/wp\/v2\/users\/4"}],"replies":[{"embeddable":true,"href":"https:\/\/www.neuroticosanonimosbv.org.mx\/sitio\/wp-json\/wp\/v2\/comments?post=480"}],"version-history":[{"count":15,"href":"https:\/\/www.neuroticosanonimosbv.org.mx\/sitio\/wp-json\/wp\/v2\/pages\/480\/revisions"}],"predecessor-version":[{"id":3591,"href":"https:\/\/www.neuroticosanonimosbv.org.mx\/sitio\/wp-json\/wp\/v2\/pages\/480\/revisions\/3591"}],"wp:attachment":[{"href":"https:\/\/www.neuroticosanonimosbv.org.mx\/sitio\/wp-json\/wp\/v2\/media?parent=480"}],"curies":[{"name":"wp","href":"https:\/\/api.w.org\/{rel}","templated":true}]}}