{"id":477,"date":"2017-04-04T17:39:33","date_gmt":"2017-04-04T23:39:33","guid":{"rendered":"http:\/\/www.neuroticosanonimosbv.org.mx\/sitio\/?page_id=477"},"modified":"2025-10-26T22:49:21","modified_gmt":"2025-10-27T04:49:21","slug":"directorio-en-tlahuac-cdmx","status":"publish","type":"page","link":"https:\/\/www.neuroticosanonimosbv.org.mx\/sitio\/directorio-en-tlahuac-cdmx\/","title":{"rendered":"Directorio en Tl\u00e1huac, CDMX"},"content":{"rendered":"<p>&nbsp;<\/p>\n<table class=\"bvcelda1\">\n<tbody>\n<tr>\n<td class=\"bvcelda1 bvt9\" style=\"vertical-align: top;\" width=\"40%\"><b>Buena Voluntad Tl\u00e1huac<\/b><br \/>\nCalle Mar de los Nublados, Mzana 110 Lote 4<br \/>\nColonia Celene<br \/>\nAlcald\u00eda Tlahuac<br \/>\nCiudad de M\u00e9xico,<br \/>\nTel. (55) 5842-9949<br \/>\nHorarios:<br \/>\nLunes a viernes de 4:00 pm a 10:00 pm<br \/>\nS\u00e1bado y domingo de 8:00 am a 12:00 pm y de 4:00 a 8:00 pm\n<\/td>\n<td class=\"bvcelda1\" width=\"60%\"><iframe loading=\"lazy\" style=\"border: 0;\" src=\"https:\/\/www.google.com\/maps\/embed?pb=!1m18!1m12!1m3!1d3766.2794947938532!2d-99.0038914850958!3d19.2702080869768!2m3!1f0!2f0!3f0!3m2!1i1024!2i768!4f13.1!3m3!1m2!1s0x0%3A0x29a5e64ea915e27d!2sBuena+Voluntad+Tl%C3%A1huac!5e0!3m2!1ses-419!2s!4v1492402875493\" width=\"600\" height=\"350\" frameborder=\"0\" allowfullscreen=\"allowfullscreen\"><\/iframe><\/td>\n<\/tr>\n<\/tbody>\n<\/table>\n","protected":false},"excerpt":{"rendered":"<p>&nbsp; Buena Voluntad Tl\u00e1huac Calle Mar de los Nublados, Mzana 110 Lote 4 Colonia Celene Alcald\u00eda Tlahuac Ciudad de M\u00e9xico, Tel. (55) 5842-9949 Horarios: Lunes a viernes de 4:00 pm a 10:00 pm S\u00e1bado y domingo de 8:00 am a 12:00 pm y de 4:00 a 8:00 pm<\/p>\n","protected":false},"author":4,"featured_media":0,"parent":0,"menu_order":0,"comment_status":"closed","ping_status":"closed","template":"","meta":{"footnotes":""},"class_list":["post-477","page","type-page","status-publish","hentry"],"_links":{"self":[{"href":"https:\/\/www.neuroticosanonimosbv.org.mx\/sitio\/wp-json\/wp\/v2\/pages\/477","targetHints":{"allow":["GET"]}}],"collection":[{"href":"https:\/\/www.neuroticosanonimosbv.org.mx\/sitio\/wp-json\/wp\/v2\/pages"}],"about":[{"href":"https:\/\/www.neuroticosanonimosbv.org.mx\/sitio\/wp-json\/wp\/v2\/types\/page"}],"author":[{"embeddable":true,"href":"https:\/\/www.neuroticosanonimosbv.org.mx\/sitio\/wp-json\/wp\/v2\/users\/4"}],"replies":[{"embeddable":true,"href":"https:\/\/www.neuroticosanonimosbv.org.mx\/sitio\/wp-json\/wp\/v2\/comments?post=477"}],"version-history":[{"count":7,"href":"https:\/\/www.neuroticosanonimosbv.org.mx\/sitio\/wp-json\/wp\/v2\/pages\/477\/revisions"}],"predecessor-version":[{"id":3521,"href":"https:\/\/www.neuroticosanonimosbv.org.mx\/sitio\/wp-json\/wp\/v2\/pages\/477\/revisions\/3521"}],"wp:attachment":[{"href":"https:\/\/www.neuroticosanonimosbv.org.mx\/sitio\/wp-json\/wp\/v2\/media?parent=477"}],"curies":[{"name":"wp","href":"https:\/\/api.w.org\/{rel}","templated":true}]}}