{"id":465,"date":"2017-04-04T17:31:31","date_gmt":"2017-04-04T23:31:31","guid":{"rendered":"http:\/\/www.neuroticosanonimosbv.org.mx\/sitio\/?page_id=465"},"modified":"2026-03-31T00:53:14","modified_gmt":"2026-03-31T06:53:14","slug":"directorio-en-iztapalapa-cdmx","status":"publish","type":"page","link":"https:\/\/www.neuroticosanonimosbv.org.mx\/sitio\/directorio-en-iztapalapa-cdmx\/","title":{"rendered":"Directorio en Iztapalapa, CDMX"},"content":{"rendered":"<table class=\"bvcelda1\">\n<tbody>\n<tr>\n<td class=\"bvcelda1 bvt9\" style=\"vertical-align: top;\" width=\"40%\"><b>Buena Voluntad Alianza<\/b><br \/>\nR\u00edo Nilo n\u00fam. 51-2<br \/>\nCol. Valle de San Lorenzo<br \/>\nAlcald\u00eda Iztapalapa<br \/>\nCiudad de M\u00e9xico, C.P. 09970<br \/>\nTel.: 55-8788-1656 Cel. 56-2808-9751<br \/>\nCorreo e: alianza@mbvna.org<br \/>\nHorario: Lunes a Domingo de 16:00 a 22:00 hrs<\/td>\n<td class=\"bvcelda1\" width=\"60%\"><iframe loading=\"lazy\" style=\"border: 0;\" src=\"https:\/\/www.google.com\/maps\/embed?pb=!1m18!1m12!1m3!1d3765.576276256075!2d-99.08410728509537!3d19.30078428695933!2m3!1f0!2f0!3f0!3m2!1i1024!2i768!4f13.1!3m3!1m2!1s0x85ce02367e127767%3A0x5a6aac4689970c55!2sD%C3%A9cima%20Cda.%20Jose%20Clemente%20Orozco%201%2C%20Valle%20de%20San%20Lorenzo%2C%20Iztapalapa%2C%2009970%20Ciudad%20de%20M%C3%A9xico%2C%20CDMX%2C%20Mexico!5e0!3m2!1sen!2sus!4v1619069496996!5m2!1sen!2sus\" width=\"600\" height=\"350\" allowfullscreen=\"allowfullscreen\"><\/iframe><\/td>\n<\/tr>\n<\/tbody>\n<\/table>\n<table class=\"bvcelda1\">\n<tbody>\n<tr>\n<td class=\"bvcelda1 bvt9\" style=\"vertical-align: top;\" width=\"40%\"><b>Buena Voluntad Paso XII<\/b><br \/>\nCalle Andr\u00e9s Tutino n\u00famero 14.<br \/>\nCol. Barrio San Miguel (a tres cuadras del metro UAMI)<br \/>\nAlcald\u00eda Iztapalapa<br \/>\nCiudad de M\u00e9xico, C.P. 09360<br \/>\nTel.: (55) 5685-8233<br \/>\nHorario: Lunes a Domingo de 16:00 a 22:00 Horas<br \/>\nCorreo e: paso.doce@mbvna.org<\/td>\n<td class=\"bvcelda1\" width=\"60%\"><iframe loading=\"lazy\" style=\"border: 0;\" src=\"https:\/\/www.google.com\/maps\/embed?pb=!1m18!1m12!1m3!1d3764.3537284714375!2d-99.0792998!3d19.3538305!2m3!1f0!2f0!3f0!3m2!1i1024!2i768!4f13.1!3m3!1m2!1s0x85d1fded54de8577%3A0xf735ffc83b8e596c!2sAndr%C3%A9s%20Tutino%2014%2C%20San%20Miguel%2C%20Iztapalapa%2C%2009360%20Ciudad%20de%20M%C3%A9xico%2C%20CDMX%2C%20Mexico!5e0!3m2!1sen!2sus!4v1742616073250!5m2!1sen!2sus\" width=\"600\" height=\"350\" allowfullscreen=\"allowfullscreen\"><\/iframe><\/td>\n<\/tr>\n<\/tbody>\n<\/table>\n<table class=\"bvcelda1\">\n<tbody>\n<tr>\n<td class=\"bvcelda1 bvt9\" style=\"vertical-align: top;\" width=\"40%\"><b>Buena Voluntad H\u00e9roes de Churubusco<\/b><br \/>\nSbtte. Mario Fernando L\u00f3pez Portillo No. 538<br \/>\nCol. Escuadr\u00f3n 201<br \/>\nAlcald\u00eda Iztapalapa<br \/>\nCiudad de M\u00e9xico<br \/>\n(A una cuadra del Metro Escuadr\u00f3n 201)<br \/>\nTel.: (55) 5670-3950<br \/>\nHorario: De lunes a viernes 08:00 a 12:00 horas y de lunes a domingo de 16:00 a 22:00 Horas<br \/>\nCorreo e: heroes9del9@yahoo.com.mx<\/td>\n<td class=\"bvcelda1\" width=\"60%\"><iframe loading=\"lazy\" style=\"border: 0;\" src=\"https:\/\/www.google.com\/maps\/embed?pb=!1m18!1m12!1m3!1d3764.114967786807!2d-99.11247508509437!3d19.364173986923184!2m3!1f0!2f0!3f0!3m2!1i1024!2i768!4f13.1!3m3!1m2!1s0x0%3A0x51c0a7c43152a5f8!2sBuena+Voluntad+H%C3%A9roes+de+Churubusco!5e0!3m2!1ses-419!2s!4v1492400873402\" width=\"600\" height=\"350\" frameborder=\"0\" allowfullscreen=\"allowfullscreen\"><\/iframe><\/td>\n<\/tr>\n<\/tbody>\n<\/table>\n<table class=\"bvcelda1\">\n<tbody>\n<tr>\n<td class=\"bvcelda1 bvt9\" style=\"vertical-align: top;\" width=\"40%\"><b>Buena Voluntad 24 horas Vicente Guerrero<\/b><br \/>\nGirasol No. 45<br \/>\nCol. Los \u00c1ngeles Apanoaya<br \/>\nAlcald\u00eda Iztapalapa<br \/>\nCiudad de M\u00e9xico<br \/>\nC.P. 09710<br \/>\n(A 3 cuadras del Metro Constituci\u00f3n de 1917)<br \/>\nEntre Nochebuena y Av. Ermita<br \/>\nHorario de lunes a domingo de 08:00 hrs a 00:00 hrs<br \/>\nTel.: (55) 5692-3074<br \/>\nServicio adicional:<br \/>\nNeur-A-teen<br \/>\nS\u00e1bados de 12:00 hrs a 14:00 hrs<br \/>\nvicente.guerrero@mbvna.org<\/td>\n<td class=\"bvcelda1\" width=\"60%\"><iframe loading=\"lazy\" style=\"border: 0;\" src=\"https:\/\/www.google.com\/maps\/embed?pb=!1m18!1m12!1m3!1d3764.613559082659!2d-99.06272748509467!3d19.342568186935495!2m3!1f0!2f0!3f0!3m2!1i1024!2i768!4f13.1!3m3!1m2!1s0x0%3A0x90f6a39de09631d1!2sBuena+Voluntad+24+horas+Vicente+Guerrero!5e0!3m2!1ses-419!2s!4v1492626452541\" width=\"600\" height=\"350\" frameborder=\"0\" allowfullscreen=\"allowfullscreen\"><\/iframe><\/td>\n<\/tr>\n<\/tbody>\n<\/table>\n<table class=\"bvcelda1\">\n<tbody>\n<tr>\n<td class=\"bvcelda1 bvt9\" style=\"vertical-align: top;\" width=\"40%\"><b>Buena Voluntad Santiago Acahualtepec<\/b><br \/>\nAvenida Ermita Iztapalapa 3452<br \/>\nCol. Segunda Ampliaci\u00f3n Santiago Acahualtepec, C.P. 09640 (casi enfrente de la estaci\u00f3n de troleb\u00fas elevado Tecoloxtitl\u00e1n)<br \/>\nAlcald\u00eda Iztapalapa<br \/>\nCiudad de M\u00e9xico<br \/>\nTel. (55) 1551-5297<\/td>\n<td class=\"bvcelda1\" width=\"60%\"><\/td>\n<\/tr>\n<\/tbody>\n<\/table>\n","protected":false},"excerpt":{"rendered":"<p>Buena Voluntad Alianza R\u00edo Nilo n\u00fam. 51-2 Col. Valle de San Lorenzo Alcald\u00eda Iztapalapa Ciudad de M\u00e9xico, C.P. 09970 Tel.: 55-8788-1656 Cel. 56-2808-9751 Correo e: alianza@mbvna.org Horario: Lunes a Domingo de 16:00 a 22:00 hrs Buena Voluntad Paso XII Calle Andr\u00e9s Tutino n\u00famero 14. Col. Barrio San Miguel (a tres cuadras del metro UAMI) Alcald\u00eda &hellip; <a href=\"https:\/\/www.neuroticosanonimosbv.org.mx\/sitio\/directorio-en-iztapalapa-cdmx\/\" class=\"more-link\">Continuar leyendo<span class=\"screen-reader-text\"> &#8220;Directorio en Iztapalapa, CDMX&#8221;<\/span><\/a><\/p>\n","protected":false},"author":4,"featured_media":0,"parent":0,"menu_order":0,"comment_status":"closed","ping_status":"closed","template":"","meta":{"footnotes":""},"class_list":["post-465","page","type-page","status-publish","hentry"],"_links":{"self":[{"href":"https:\/\/www.neuroticosanonimosbv.org.mx\/sitio\/wp-json\/wp\/v2\/pages\/465","targetHints":{"allow":["GET"]}}],"collection":[{"href":"https:\/\/www.neuroticosanonimosbv.org.mx\/sitio\/wp-json\/wp\/v2\/pages"}],"about":[{"href":"https:\/\/www.neuroticosanonimosbv.org.mx\/sitio\/wp-json\/wp\/v2\/types\/page"}],"author":[{"embeddable":true,"href":"https:\/\/www.neuroticosanonimosbv.org.mx\/sitio\/wp-json\/wp\/v2\/users\/4"}],"replies":[{"embeddable":true,"href":"https:\/\/www.neuroticosanonimosbv.org.mx\/sitio\/wp-json\/wp\/v2\/comments?post=465"}],"version-history":[{"count":24,"href":"https:\/\/www.neuroticosanonimosbv.org.mx\/sitio\/wp-json\/wp\/v2\/pages\/465\/revisions"}],"predecessor-version":[{"id":3658,"href":"https:\/\/www.neuroticosanonimosbv.org.mx\/sitio\/wp-json\/wp\/v2\/pages\/465\/revisions\/3658"}],"wp:attachment":[{"href":"https:\/\/www.neuroticosanonimosbv.org.mx\/sitio\/wp-json\/wp\/v2\/media?parent=465"}],"curies":[{"name":"wp","href":"https:\/\/api.w.org\/{rel}","templated":true}]}}