{"id":455,"date":"2017-04-04T17:20:42","date_gmt":"2017-04-04T23:20:42","guid":{"rendered":"http:\/\/www.neuroticosanonimosbv.org.mx\/sitio\/?page_id=455"},"modified":"2026-02-11T19:05:01","modified_gmt":"2026-02-12T01:05:01","slug":"directorio-en-cuauhtemoc-cdmx","status":"publish","type":"page","link":"https:\/\/www.neuroticosanonimosbv.org.mx\/sitio\/directorio-en-cuauhtemoc-cdmx\/","title":{"rendered":"Directorio en Cuauht\u00e9moc, CDMX"},"content":{"rendered":"<table class=\"bvcelda1\">\n<tbody>\n<tr>\n<td class=\"bvcelda1 bvt9\" style=\"vertical-align: top;\" width=\"40%\"><b>Buena Voluntad 24 Horas Centro<\/b><br \/>\nOrozco y Berra No. 50<br \/>\nCol. Buenavista<br \/>\nAlcad\u00eda Cuauht\u00e9moc<br \/>\nCiudad de M\u00e9xico<br \/>\nTel. (55) 5566-6074 y 5546-4889<br \/>\nCorreo e: bvcentro@gmail.com<br \/>\nLunes a Domingo de 08:00 a 00:00, 24 Horas<br \/>\nServicio adicional:<br \/>\nNeur-A-Teen<br \/>\nViernes de 19:00 a 21:00<br \/>\nDomingo de 11:00 a 13:00<\/td>\n<td class=\"bvcelda1\" width=\"60%\"><iframe loading=\"lazy\" style=\"border: 0;\" src=\"https:\/\/www.google.com\/maps\/embed?pb=!1m18!1m12!1m3!1d3762.3675953038846!2d-99.15156579999999!3d19.439711800000012!2m3!1f0!2f0!3f0!3m2!1i1024!2i768!4f13.1!3m3!1m2!1s0x85d1f8d149999fa9%3A0xdd7d4f60833cf5c8!2sOrozco+y+Berra+50%2C+Buenavista%2C+06350+Ciudad+de+M%C3%A9xico%2C+CDMX%2C+Mexico!5e0!3m2!1sen!2sus!4v1508900266445\" width=\"600\" height=\"350\" frameborder=\"0\" allowfullscreen=\"allowfullscreen\"><\/iframe><\/td>\n<\/tr>\n<\/tbody>\n<tbody>\n<tr>\n<td class=\"bvcelda1 bvt9\" style=\"vertical-align: top;\" width=\"40%\"><b>Buena Voluntad Clavijero<\/b><br \/>\nJos\u00e9 Joaqu\u00edn Arriaga, No 72, planta baja<br \/>\nCol. Obrera (Metro San Antonio Abad, Linea 2)<br \/>\nAlcald\u00eda Cuauht\u00e9moc<br \/>\nCiudad de M\u00e9xico, C.P. 06800<br \/>\nTel. 55 5741-7005<br \/>\nHorarios de Lunes a viernes de 16:00 a 22:00 Hrs<br \/>\nS\u00e1bados de 16:00 a 20:00 hrs<br \/>\nDomingos de 8:00 a 12:00 hrs<br \/>\nCorreo e: bvclavijero89@gmail.com<\/td>\n<td class=\"bvcelda1\" width=\"60%\"><iframe src=\"https:\/\/www.google.com\/maps\/embed?pb=!1m18!1m12!1m3!1d3762.9181619064143!2d-99.13856382483806!3d19.415941641212836!2m3!1f0!2f0!3f0!3m2!1i1024!2i768!4f13.1!3m3!1m2!1s0x85d1fedb60b12517%3A0xd12175c01184398c!2sJos%C3%A9%20Joaqu%C3%ADn%20Arriaga%2072%2C%20Obrera%2C%20Cuauht%C3%A9moc%2C%2006800%20Ciudad%20de%20M%C3%A9xico%2C%20CDMX!5e0!3m2!1ses-419!2smx!4v1732565375975!5m2!1ses-419!2smx\" width=\"600\" height=\"350\" style=\"border:0;\" allowfullscreen=\"\" loading=\"lazy\" referrerpolicy=\"no-referrer-when-downgrade\"><\/iframe><\/td>\n<\/tr>\n<\/tbody>\n<\/table>\n","protected":false},"excerpt":{"rendered":"<p>Buena Voluntad 24 Horas Centro Orozco y Berra No. 50 Col. Buenavista Alcad\u00eda Cuauht\u00e9moc Ciudad de M\u00e9xico Tel. (55) 5566-6074 y 5546-4889 Correo e: bvcentro@gmail.com Lunes a Domingo de 08:00 a 00:00, 24 Horas Servicio adicional: Neur-A-Teen Viernes de 19:00 a 21:00 Domingo de 11:00 a 13:00 Buena Voluntad Clavijero Jos\u00e9 Joaqu\u00edn Arriaga, No 72, &hellip; <a href=\"https:\/\/www.neuroticosanonimosbv.org.mx\/sitio\/directorio-en-cuauhtemoc-cdmx\/\" class=\"more-link\">Continuar leyendo<span class=\"screen-reader-text\"> &#8220;Directorio en Cuauht\u00e9moc, CDMX&#8221;<\/span><\/a><\/p>\n","protected":false},"author":4,"featured_media":0,"parent":0,"menu_order":0,"comment_status":"closed","ping_status":"closed","template":"","meta":{"footnotes":""},"class_list":["post-455","page","type-page","status-publish","hentry"],"_links":{"self":[{"href":"https:\/\/www.neuroticosanonimosbv.org.mx\/sitio\/wp-json\/wp\/v2\/pages\/455","targetHints":{"allow":["GET"]}}],"collection":[{"href":"https:\/\/www.neuroticosanonimosbv.org.mx\/sitio\/wp-json\/wp\/v2\/pages"}],"about":[{"href":"https:\/\/www.neuroticosanonimosbv.org.mx\/sitio\/wp-json\/wp\/v2\/types\/page"}],"author":[{"embeddable":true,"href":"https:\/\/www.neuroticosanonimosbv.org.mx\/sitio\/wp-json\/wp\/v2\/users\/4"}],"replies":[{"embeddable":true,"href":"https:\/\/www.neuroticosanonimosbv.org.mx\/sitio\/wp-json\/wp\/v2\/comments?post=455"}],"version-history":[{"count":26,"href":"https:\/\/www.neuroticosanonimosbv.org.mx\/sitio\/wp-json\/wp\/v2\/pages\/455\/revisions"}],"predecessor-version":[{"id":3588,"href":"https:\/\/www.neuroticosanonimosbv.org.mx\/sitio\/wp-json\/wp\/v2\/pages\/455\/revisions\/3588"}],"wp:attachment":[{"href":"https:\/\/www.neuroticosanonimosbv.org.mx\/sitio\/wp-json\/wp\/v2\/media?parent=455"}],"curies":[{"name":"wp","href":"https:\/\/api.w.org\/{rel}","templated":true}]}}