{"id":449,"date":"2017-04-04T17:15:28","date_gmt":"2017-04-04T23:15:28","guid":{"rendered":"http:\/\/www.neuroticosanonimosbv.org.mx\/sitio\/?page_id=449"},"modified":"2025-08-13T23:33:02","modified_gmt":"2025-08-14T05:33:02","slug":"directorio-en-coyoacan-cdmx","status":"publish","type":"page","link":"https:\/\/www.neuroticosanonimosbv.org.mx\/sitio\/directorio-en-coyoacan-cdmx\/","title":{"rendered":"Directorio en Coyoac\u00e1n, CDMX"},"content":{"rendered":"\n<p>&nbsp;<\/p>\n<table class=\"bvcelda1\">\n<tbody>\n<tr>\n<td class=\"bvcelda1 bvt9\" style=\"vertical-align: top;\" width=\"40%\"><b>Buena Voluntad 24 Hrs. Coyoac\u00e1n<\/b>\n<p>&nbsp;<\/p>\n<p>B.V. 24 Horas Coyoac\u00e1n<br>Tulip\u00e1n 144<br>casi esquina con Av. Candelaria y Div. del Norte<br>Col. Ciudad Jard\u00edn<br>Alcald\u00eda Coyoac\u00e1n<br>Ciudad de M\u00e9xico, C.P. 04370<\/br> Horario: Lunes a Domingo de 6:00 a 8:00 p.m. <\/br> Martes, Viernes y Domingo de 8:00 a 10:00 a.m.  y 10:00 a.m. a 12:00 p.m.<br>Tel\u00e9fono (55) 5619-0448 y (55) 5539-5551 y 52<\/p>\n<\/td>\n<td class=\"bvcelda1\" width=\"60%\"><iframe src=\"https:\/\/www.google.com\/maps\/embed?pb=!1m18!1m12!1m3!1d3764.7396528698523!2d-99.14674579999999!3d19.3371004!2m3!1f0!2f0!3f0!3m2!1i1024!2i768!4f13.1!3m3!1m2!1s0x85ce002acee1ae33%3A0xff56018cd87b5e55!2zVHVsaXDDoW4gMTQ0LCBDZCBKYXJkw61uLCBDb3lvYWPDoW4sIDA0MzcwIENpdWRhZCBkZSBNw6l4aWNvLCBDRE1YLCBNZXhpY28!5e0!3m2!1sen!2sus!4v1750658288479!5m2!1sen!2sus\" width=\"600\" height=\"350\" style=\"border:0;\" allowfullscreen=\"\" loading=\"lazy\" referrerpolicy=\"no-referrer-when-downgrade\"><\/iframe><\/td>\n<\/tr>\n<\/tbody>\n<\/table>\n<p>&nbsp;<\/p>\n<table class=\"bvcelda1\">\n<tbody>\n<tr>\n<td class=\"bvcelda1 bvt9\" style=\"vertical-align: top;\" width=\"40%\"><b>Buena Voluntad Taxque\u00f1a<\/b><\/br>\n<p><br>Calle Ejido Santa Isabel Tola 11<br>Esquina con Calle B, Manzana 1 N15<br>Col. Educaci\u00f3n (Casi frente al Parque de los Calhuacanes)<br>Alcald\u00eda Coyoac\u00e1n<br>Ciudad de M\u00e9xico, C.P. 04400<br>Tel\u00e9fono (55) 5336-2930<\/p>\n Horario: <\/br>Lunes a Sabado 6:00 a 10:00 p.m. <\/br>\nPor las ma\u00f1anas: Martes y Viernes de 8:00 am a 12:00 pm (medio d\u00eda), Domingo de 8:00 am a 2:00 pm<\/br>\n<\/td><td class=\"bvcelda1\" width=\"60%\"><iframe loading=\"lazy\" src=\"https:\/\/www.google.com\/maps\/embed?pb=!1m18!1m12!1m3!1d3764.723024270031!2d-99.12984898527553!3d19.337821548715848!2m3!1f0!2f0!3f0!3m2!1i1024!2i768!4f13.1!3m3!1m2!1s0x85ce01df4791a06f%3A0xcd0587acbe81d14!2sC.%20B%20Manzana%20I%2C%20Educaci%C3%B3n%2C%2004400%20Ciudad%20de%20M%C3%A9xico%2C%20CDMX!5e0!3m2!1sen!2smx!4v1645164345248!5m2!1sen!2smx\" width=\"600\" height=\"350\" style=\"border:0;\" allowfullscreen\"=\"\"><\/iframe><\/td>\n<\/tr>\n<\/tbody>\n<\/table>\n","protected":false},"excerpt":{"rendered":"<p>&nbsp; Buena Voluntad 24 Hrs. Coyoac\u00e1n &nbsp; B.V. 24 Horas Coyoac\u00e1nTulip\u00e1n 144casi esquina con Av. Candelaria y Div. del NorteCol. Ciudad Jard\u00ednAlcald\u00eda Coyoac\u00e1nCiudad de M\u00e9xico, C.P. 04370 Horario: Lunes a Domingo de 6:00 a 8:00 p.m. Martes, Viernes y Domingo de 8:00 a 10:00 a.m. y 10:00 a.m. a 12:00 p.m.Tel\u00e9fono (55) 5619-0448 y (55) &hellip; <a href=\"https:\/\/www.neuroticosanonimosbv.org.mx\/sitio\/directorio-en-coyoacan-cdmx\/\" class=\"more-link\">Continuar leyendo<span class=\"screen-reader-text\"> &#8220;Directorio en Coyoac\u00e1n, CDMX&#8221;<\/span><\/a><\/p>\n","protected":false},"author":4,"featured_media":0,"parent":0,"menu_order":0,"comment_status":"closed","ping_status":"closed","template":"","meta":{"footnotes":""},"class_list":["post-449","page","type-page","status-publish","hentry"],"_links":{"self":[{"href":"https:\/\/www.neuroticosanonimosbv.org.mx\/sitio\/wp-json\/wp\/v2\/pages\/449","targetHints":{"allow":["GET"]}}],"collection":[{"href":"https:\/\/www.neuroticosanonimosbv.org.mx\/sitio\/wp-json\/wp\/v2\/pages"}],"about":[{"href":"https:\/\/www.neuroticosanonimosbv.org.mx\/sitio\/wp-json\/wp\/v2\/types\/page"}],"author":[{"embeddable":true,"href":"https:\/\/www.neuroticosanonimosbv.org.mx\/sitio\/wp-json\/wp\/v2\/users\/4"}],"replies":[{"embeddable":true,"href":"https:\/\/www.neuroticosanonimosbv.org.mx\/sitio\/wp-json\/wp\/v2\/comments?post=449"}],"version-history":[{"count":34,"href":"https:\/\/www.neuroticosanonimosbv.org.mx\/sitio\/wp-json\/wp\/v2\/pages\/449\/revisions"}],"predecessor-version":[{"id":3500,"href":"https:\/\/www.neuroticosanonimosbv.org.mx\/sitio\/wp-json\/wp\/v2\/pages\/449\/revisions\/3500"}],"wp:attachment":[{"href":"https:\/\/www.neuroticosanonimosbv.org.mx\/sitio\/wp-json\/wp\/v2\/media?parent=449"}],"curies":[{"name":"wp","href":"https:\/\/api.w.org\/{rel}","templated":true}]}}