{"id":444,"date":"2017-04-04T15:50:15","date_gmt":"2017-04-04T21:50:15","guid":{"rendered":"http:\/\/www.neuroticosanonimosbv.org.mx\/sitio\/?page_id=444"},"modified":"2026-04-04T13:47:02","modified_gmt":"2026-04-04T19:47:02","slug":"directorio-en-benito-juarez-cdmx","status":"publish","type":"page","link":"https:\/\/www.neuroticosanonimosbv.org.mx\/sitio\/directorio-en-benito-juarez-cdmx\/","title":{"rendered":"Directorio en Benito Ju\u00e1rez, CDMX"},"content":{"rendered":"<table class=\"bvcelda1\">\n<tbody>\n<tr>\n<td class=\"bvcelda1 bvt9\" style=\"vertical-align: top;\" width=\"40%\"><b>Buena Voluntad Ampliaci\u00f3n<\/b><br \/>\nAntillas 814-A<br \/>\nColonia Portales Sur (a espaldas del metro Ernita)\u00a0 \u00a0 \u00a0 \u00a0 \u00a0 \u00a0 \u00a0 \u00a0 \u00a0<br \/>\nAlcald\u00eda Benito Ju\u00e1rez<br \/>\nCiudad de M\u00e9xico.<br \/>\nTels. (55) 7260-5798 y 7258-1812<br \/>\nCorreo e: ampliacion@mbvna.org<br \/>\nHorario: Lunes a s\u00e1bado de 17:00 a 23:00 hrs.<br \/>\nDomingo de 15:00 a 21:00 hrs.<\/td>\n<td class=\"bvcelda1\" width=\"60%\"><\/td>\n<\/td>\n<\/tr>\n<\/tbody>\n<\/table>\n<table class=\"bvcelda1\">\n<tbody>\n<tr>\n<td class=\"bvcelda1 bvt9\" style=\"vertical-align: top;\" width=\"40%\"><b>Buena Voluntad Del Valle<\/b><br \/>\nMat\u00edas Romero No. 425-1 NA<br \/>\nCol. Del Valle<br \/>\nAlcald\u00eda Benito Ju\u00e1rez<br \/>\nCiudad de M\u00e9xico<br \/>\n(a 4 cuadras del Metro Divisi\u00f3n Del Norte)<br \/>\nTel.: 55-5575-9128<br \/>\nWhatsApp 56-1919-8939<br \/>\nHorario: Lunes a viernes 7:00 a 9:00\u00a0 y 17:00 a 23:00 Horas. S\u00e1bado y domingo 7:00 a 11:00 am y 17:00 a 23:00 Horas.<br \/>\nCorreo e: bvdelvalle@hotmail.com.mx<\/td>\n<td class=\"bvcelda1\" width=\"60%\"><iframe loading=\"lazy\" style=\"border: 0;\" src=\"https:\/\/www.google.com\/maps\/embed?pb=!1m18!1m12!1m3!1d3763.750732880612!2d-99.16702978509412!3d19.37994298691421!2m3!1f0!2f0!3f0!3m2!1i1024!2i768!4f13.1!3m3!1m2!1s0x0%3A0x2ed77d556f1985b2!2sBuena+Voluntad+Del+Valle!5e0!3m2!1ses-419!2s!4v1492627738059\" width=\"600\" height=\"350\" frameborder=\"0\" allowfullscreen=\"allowfullscreen\"><\/iframe><\/td>\n<\/tr>\n<\/tbody>\n<\/table>\n<table class=\"bvcelda1\">\n<tbody>\n<tr>\n<td class=\"bvcelda1 bvt9\" style=\"vertical-align: top;\" width=\"40%\"><b>Buena Voluntad Sala 2<\/b><br \/>\nCumbres de Maltrata No. 449, 3er. Piso<br \/>\nCol. Independencia<br \/>\nAlcald\u00eda Benito Ju\u00e1rez<br \/>\nCiudad de M\u00e9xico<br \/>\n(Cerca del Metro Nativitas)<br \/>\nTels.: (55) 5539-5551 y 5539-5552<br \/>\nServicios adicionales:<br \/>\nNeur-A-Teen y Silentes<\/td>\n<td class=\"bvcelda1\" width=\"60%\"><iframe loading=\"lazy\" style=\"border: 0;\" src=\"https:\/\/www.google.com\/maps\/embed?pb=!1m18!1m12!1m3!1d3763.8047543835696!2d-99.14354488509419!3d19.37760498691558!2m3!1f0!2f0!3f0!3m2!1i1024!2i768!4f13.1!3m3!1m2!1s0x0%3A0x3b8aa996ebfb6022!2sMovimiento+Buena+Voluntad+24+Horas+Neuroticos+Anonimos!5e0!3m2!1ses-419!2s!4v1492626353279\" width=\"600\" height=\"350\" frameborder=\"0\" allowfullscreen=\"allowfullscreen\"><\/iframe><\/td>\n<\/tr>\n<\/tbody>\n<\/table>\n<table class=\"bvcelda1\">\n<tbody>\n<tr>\n<td class=\"bvcelda1 bvt9\" style=\"vertical-align: top;\" width=\"40%\"><b>Buena Voluntad 24 Hrs. Tacubaya<\/b><br \/>\nCalle 8, No.27, Colonia San Pedro de los Pinos (cerca del Metro San Pedro de los Pinos)<br \/>\nAlcald\u00eda Benito Ju\u00e1rez<br \/>\nCiudad de M\u00e9xico<br \/>\nTel.: (55) 5515-6462 y 5276-4921<br \/>\nFax: (55) 5276-4921<br \/>\nCorreo e: bvtacubaya@gmail.com<br \/>\nHorario: Lunes a Domingo de 07:00 a 23:00 Hrs.<br \/>\nServicio adicional:<br \/>\nNeur-A-Teen<br \/>\nHorario: S\u00e1bado de 13:00 a 15:00<\/td>\n<td class=\"bvcelda1\" width=\"60%\"><iframe loading=\"lazy\" style=\"border: 0;\" src=\"https:\/\/www.google.com\/maps\/embed?pb=!1m18!1m12!1m3!1d3763.387786327781!2d-99.19514358243887!3d19.395643946764874!2m3!1f0!2f0!3f0!3m2!1i1024!2i768!4f13.1!3m3!1m2!1s0x0%3A0x3a5b7e6291940a5f!2sBuena+Voluntad+24+Horas!5e0!3m2!1ses-419!2s!4v1492628146245\" width=\"600\" height=\"350\" frameborder=\"0\" allowfullscreen=\"allowfullscreen\"><\/iframe><\/td>\n<\/tr>\n<\/tbody>\n<\/table>\n","protected":false},"excerpt":{"rendered":"<p>Buena Voluntad Ampliaci\u00f3n Antillas 814-A Colonia Portales Sur (a espaldas del metro Ernita)\u00a0 \u00a0 \u00a0 \u00a0 \u00a0 \u00a0 \u00a0 \u00a0 \u00a0 Alcald\u00eda Benito Ju\u00e1rez Ciudad de M\u00e9xico. Tels. (55) 7260-5798 y 7258-1812 Correo e: ampliacion@mbvna.org Horario: Lunes a s\u00e1bado de 17:00 a 23:00 hrs. Domingo de 15:00 a 21:00 hrs. Buena Voluntad Del Valle Mat\u00edas &hellip; <a href=\"https:\/\/www.neuroticosanonimosbv.org.mx\/sitio\/directorio-en-benito-juarez-cdmx\/\" class=\"more-link\">Continuar leyendo<span class=\"screen-reader-text\"> &#8220;Directorio en Benito Ju\u00e1rez, CDMX&#8221;<\/span><\/a><\/p>\n","protected":false},"author":4,"featured_media":0,"parent":0,"menu_order":0,"comment_status":"closed","ping_status":"closed","template":"","meta":{"footnotes":""},"class_list":["post-444","page","type-page","status-publish","hentry"],"_links":{"self":[{"href":"https:\/\/www.neuroticosanonimosbv.org.mx\/sitio\/wp-json\/wp\/v2\/pages\/444","targetHints":{"allow":["GET"]}}],"collection":[{"href":"https:\/\/www.neuroticosanonimosbv.org.mx\/sitio\/wp-json\/wp\/v2\/pages"}],"about":[{"href":"https:\/\/www.neuroticosanonimosbv.org.mx\/sitio\/wp-json\/wp\/v2\/types\/page"}],"author":[{"embeddable":true,"href":"https:\/\/www.neuroticosanonimosbv.org.mx\/sitio\/wp-json\/wp\/v2\/users\/4"}],"replies":[{"embeddable":true,"href":"https:\/\/www.neuroticosanonimosbv.org.mx\/sitio\/wp-json\/wp\/v2\/comments?post=444"}],"version-history":[{"count":35,"href":"https:\/\/www.neuroticosanonimosbv.org.mx\/sitio\/wp-json\/wp\/v2\/pages\/444\/revisions"}],"predecessor-version":[{"id":3664,"href":"https:\/\/www.neuroticosanonimosbv.org.mx\/sitio\/wp-json\/wp\/v2\/pages\/444\/revisions\/3664"}],"wp:attachment":[{"href":"https:\/\/www.neuroticosanonimosbv.org.mx\/sitio\/wp-json\/wp\/v2\/media?parent=444"}],"curies":[{"name":"wp","href":"https:\/\/api.w.org\/{rel}","templated":true}]}}