{"id":432,"date":"2017-04-04T15:35:49","date_gmt":"2017-04-04T21:35:49","guid":{"rendered":"http:\/\/www.neuroticosanonimosbv.org.mx\/sitio\/?page_id=432"},"modified":"2026-02-10T19:18:16","modified_gmt":"2026-02-11T01:18:16","slug":"directorio-en-alvaro-obregon-cdmx","status":"publish","type":"page","link":"https:\/\/www.neuroticosanonimosbv.org.mx\/sitio\/directorio-en-alvaro-obregon-cdmx\/","title":{"rendered":"Directorio en \u00c1lvaro Obreg\u00f3n, CDMX"},"content":{"rendered":"<table class=\"bvcelda1\">\n<tbody>\n<tr>\n<td class=\"bvcelda1 bvt9\" style=\"vertical-align: top;\" width=\"40%\"><b>Buena Voluntad 24 Hrs. Mixcoac<\/b><br \/>\nRebull No. 22<br \/>\nCol. Mixcoac<br \/>\nAlcald\u00eda \u00c1lvaro Obreg\u00f3n<br \/>\nCiudad de M\u00e9xico<br \/>\n(Cerca del Metro Mixcoac)<br \/>\nTels.: (55) 5611-3078 y 5563-2100<br \/>\nHorarios:<br \/>\nLunes a domingo de 07:00 hrs a 23:00 hrs<br \/>\nCorreo e: buenavoluntadmixcoac@yahoo.com.mx<br \/>\nServicio adicional:<br \/>\nCasa Hogar<br \/>\nNeur-A-Teen<br \/>\nHorario:<br \/>\nS\u00e1bado de 10:00 a 12:00 (8 a 12 a\u00f1os)<br \/>\nS\u00e1bado de 12:00 a 14:00 (13 a 16 a\u00f1os)<\/td>\n<td class=\"bvcelda1\" width=\"60%\"><iframe loading=\"lazy\" style=\"border: 0;\" src=\"https:\/\/www.google.com\/maps\/embed?pb=!1m18!1m12!1m3!1d3763.9467654500327!2d-99.1924057850943!3d19.371457586919103!2m3!1f0!2f0!3f0!3m2!1i1024!2i768!4f13.1!3m3!1m2!1s0x0%3A0xdc1289f773409b8f!2sBuena+Voluntad+24+Hrs.+Mixcoac!5e0!3m2!1ses-419!2s!4v1492630915561\" width=\"600\" height=\"350\" frameborder=\"0\" allowfullscreen=\"allowfullscreen\"><\/iframe><\/td>\n<\/tr>\n<\/tbody>\n<\/table>\n<table class=\"bvcelda1\">\n<tbody>\n<tr>\n<td class=\"bvcelda1 bvt9\" style=\"vertical-align: top;\" width=\"40%\"><b>Buena Voluntad Ampliaci\u00f3n Mixcoac<\/b><br \/>\nAv. 5 de Mayo No. 203 Casa 1<br \/>\nCol. Merced G\u00f3mez<br \/>\nAlcald\u00eda \u00c1lvaro Obreg\u00f3n<br \/>\nCiudad de M\u00e9xico<br \/>\n(Cerca del Metro Barranca Del Muerto)<br \/>\nTel.: (55) 5651-2785<br \/>\nHorarios: lunes a viernes de 18:00 a 22:00 hrs<br \/>\nS\u00e1bado y domingo de 16:00 a 20:00 hrs.<\/td>\n<td class=\"bvcelda1\" width=\"60%\"><iframe loading=\"lazy\" style=\"border: 0;\" src=\"https:\/\/www.google.com\/maps\/embed?pb=!1m18!1m12!1m3!1d3764.096015849924!2d-99.19945288509436!3d19.364994786922807!2m3!1f0!2f0!3f0!3m2!1i1024!2i768!4f13.1!3m3!1m2!1s0x0%3A0x788efb88680b5829!2sBuena+Voluntad+Ampliaci%C3%B3n+Mixcoac!5e0!3m2!1ses-419!2s!4v1492627196072\" width=\"600\" height=\"350\" frameborder=\"0\" allowfullscreen=\"allowfullscreen\"><\/iframe><\/td>\n<\/tr>\n<\/tbody>\n<\/table>\n<table class=\"bvcelda1\">\n<tbody>\n<tr>\n<td class=\"bvcelda1 bvt9\" style=\"vertical-align: top;\" width=\"40%\"><b>Buena Voluntad Guadalupe Inn<\/b><br \/>\nCalzada de las \u00c1guilas 645<br \/>\nColonia Los Alpes<br \/>\nAlcald\u00eda \u00c1lvaro Obreg\u00f3n<br \/>\nCiudad de M\u00e9xico, C.P. 01750<br \/>\nTEL.: 55 5660-6553<br \/>\nCorreo e: rafaelcabrerafuentes@hotmail.com<br \/>\nHorario:<br \/>\nLunes a Domingo de 09:00 a 13:00 y 17:00 a 23:00 hrs<br \/>\nServicios adicionales:<br \/>\nNeur-A-teen:<br \/>\ns\u00e1bados de 11:00 a 13:00 hrs<br \/>\nCasa-Hogar<\/td>\n<td class=\"bvcelda1\" width=\"60%\"><\/td>\n<\/tr>\n<\/tbody>\n<\/table>\n","protected":false},"excerpt":{"rendered":"<p>Buena Voluntad 24 Hrs. Mixcoac Rebull No. 22 Col. Mixcoac Alcald\u00eda \u00c1lvaro Obreg\u00f3n Ciudad de M\u00e9xico (Cerca del Metro Mixcoac) Tels.: (55) 5611-3078 y 5563-2100 Horarios: Lunes a domingo de 07:00 hrs a 23:00 hrs Correo e: buenavoluntadmixcoac@yahoo.com.mx Servicio adicional: Casa Hogar Neur-A-Teen Horario: S\u00e1bado de 10:00 a 12:00 (8 a 12 a\u00f1os) S\u00e1bado de &hellip; <a href=\"https:\/\/www.neuroticosanonimosbv.org.mx\/sitio\/directorio-en-alvaro-obregon-cdmx\/\" class=\"more-link\">Continuar leyendo<span class=\"screen-reader-text\"> &#8220;Directorio en \u00c1lvaro Obreg\u00f3n, CDMX&#8221;<\/span><\/a><\/p>\n","protected":false},"author":4,"featured_media":0,"parent":0,"menu_order":0,"comment_status":"closed","ping_status":"closed","template":"","meta":{"footnotes":""},"class_list":["post-432","page","type-page","status-publish","hentry"],"_links":{"self":[{"href":"https:\/\/www.neuroticosanonimosbv.org.mx\/sitio\/wp-json\/wp\/v2\/pages\/432","targetHints":{"allow":["GET"]}}],"collection":[{"href":"https:\/\/www.neuroticosanonimosbv.org.mx\/sitio\/wp-json\/wp\/v2\/pages"}],"about":[{"href":"https:\/\/www.neuroticosanonimosbv.org.mx\/sitio\/wp-json\/wp\/v2\/types\/page"}],"author":[{"embeddable":true,"href":"https:\/\/www.neuroticosanonimosbv.org.mx\/sitio\/wp-json\/wp\/v2\/users\/4"}],"replies":[{"embeddable":true,"href":"https:\/\/www.neuroticosanonimosbv.org.mx\/sitio\/wp-json\/wp\/v2\/comments?post=432"}],"version-history":[{"count":29,"href":"https:\/\/www.neuroticosanonimosbv.org.mx\/sitio\/wp-json\/wp\/v2\/pages\/432\/revisions"}],"predecessor-version":[{"id":3575,"href":"https:\/\/www.neuroticosanonimosbv.org.mx\/sitio\/wp-json\/wp\/v2\/pages\/432\/revisions\/3575"}],"wp:attachment":[{"href":"https:\/\/www.neuroticosanonimosbv.org.mx\/sitio\/wp-json\/wp\/v2\/media?parent=432"}],"curies":[{"name":"wp","href":"https:\/\/api.w.org\/{rel}","templated":true}]}}