{"id":331,"date":"2017-03-31T11:21:42","date_gmt":"2017-03-31T17:21:42","guid":{"rendered":"http:\/\/www.neuroticosanonimosbv.org.mx\/sitio\/?page_id=331"},"modified":"2017-03-31T11:41:51","modified_gmt":"2017-03-31T17:41:51","slug":"privacidad","status":"publish","type":"page","link":"https:\/\/www.neuroticosanonimosbv.org.mx\/sitio\/privacidad\/","title":{"rendered":"Aviso de privacidad"},"content":{"rendered":"<p class=\"bvt3\" style=\"margin-bottom:0.75em\">\nResponsable de la protecci\u00f3n de sus datos personales\n<\/p>\n<p class=\"bvt9\">\nEl Movimiento Buena Voluntad 24 Horas de Neur\u00f3ticos An\u00f3nimos, con domicilio en Av. Cumbres de Maltrata 449, 1er. Piso, Colonia Independencia, C.P. 03630   CDMX, es responsable del tratamiento de sus datos personales. Puede contactarnos v\u00eda telef\u00f3nica, por correo electr\u00f3nico, o personalmente en nuestras instalaciones en d\u00edas y horas h\u00e1biles en el domicilio arriba especificado, al correo electr\u00f3nico contacto@mbvna.org, o a los tel\u00e9fonos 5539-5551 y 52.\n<\/p>\n<p class=\"bvt3\" style=\"margin-bottom:0.75em\">\n\u00bfPara qu\u00e9 fines recabamos y utilizamos sus datos personales?\n<\/p>\n<p class=\"bvt9\">\n\u00danicamente ser\u00e1n utilizados para ponernos en contacto con las personas que soliciten ayuda e informaci\u00f3n por medio de nuestra p\u00e1gina web.\n<\/p>\n<p class=\"bvt3\" style=\"margin-bottom:0.75em\">\n\u00bfQu\u00e9 datos personales obtenemos y de d\u00f3nde?\n<\/p>\n<p class=\"bvt9\" style=\"margin-bottom:0.85em\">\nPara las finalidades se\u00f1aladas en el presente aviso de privacidad, podemos recabar sus datos personales cuando visita nuestro sitio de Internet solicitando informaci\u00f3n en la secci\u00f3n de contacto de nuestra p\u00e1gina.<\/p>\n<p class=\"bvt9\" style=\"margin-bottom:0.5em\">\nDatos personales que recabamos de forma directa:<\/p>\n<p class=\"bvt9\" style=\"margin-bottom:0.5em\">\nLos \u00fanicos datos personales que recabamos de forma directa cuando usted mismo nos los proporciona en la secci\u00f3n de contacto, con objeto de que le demos informaci\u00f3n, son los siguientes:<\/p>\n<ul class=\"bvt9\" style=\"margin-left:20px;\">\n<li>\nSu nombre (Solicitamos s\u00f3lo su nombre o alias sin apellidos para poder dirigirnos a usted, ya que, de acuerdo con nuestra 12\u00aa. Tradici\u00f3n, <b>el anonimato es la base espiritual de todas nuestras Tradiciones, record\u00e1ndonos siempre anteponer los principios a las personalidades)<\/b>.\n<\/li>\n<li>\nSu direcci\u00f3n de correo electr\u00f3nico (Recabamos su direcci\u00f3n de correo electr\u00f3nico \u00fanicamente para ponernos en contacto con usted cuando solicita informaci\u00f3n en la secci\u00f3n de contacto).\n<\/li>\n<\/ul>\n<p>\n","protected":false},"excerpt":{"rendered":"<p>Responsable de la protecci\u00f3n de sus datos personales El Movimiento Buena Voluntad 24 Horas de Neur\u00f3ticos An\u00f3nimos, con domicilio en Av. Cumbres de Maltrata 449, 1er. Piso, Colonia Independencia, C.P. 03630 CDMX, es responsable del tratamiento de sus datos personales. Puede contactarnos v\u00eda telef\u00f3nica, por correo electr\u00f3nico, o personalmente en nuestras instalaciones en d\u00edas y &hellip; <a href=\"https:\/\/www.neuroticosanonimosbv.org.mx\/sitio\/privacidad\/\" class=\"more-link\">Continuar leyendo<span class=\"screen-reader-text\"> &#8220;Aviso de privacidad&#8221;<\/span><\/a><\/p>\n","protected":false},"author":4,"featured_media":0,"parent":0,"menu_order":0,"comment_status":"closed","ping_status":"closed","template":"","meta":{"footnotes":""},"class_list":["post-331","page","type-page","status-publish","hentry"],"_links":{"self":[{"href":"https:\/\/www.neuroticosanonimosbv.org.mx\/sitio\/wp-json\/wp\/v2\/pages\/331","targetHints":{"allow":["GET"]}}],"collection":[{"href":"https:\/\/www.neuroticosanonimosbv.org.mx\/sitio\/wp-json\/wp\/v2\/pages"}],"about":[{"href":"https:\/\/www.neuroticosanonimosbv.org.mx\/sitio\/wp-json\/wp\/v2\/types\/page"}],"author":[{"embeddable":true,"href":"https:\/\/www.neuroticosanonimosbv.org.mx\/sitio\/wp-json\/wp\/v2\/users\/4"}],"replies":[{"embeddable":true,"href":"https:\/\/www.neuroticosanonimosbv.org.mx\/sitio\/wp-json\/wp\/v2\/comments?post=331"}],"version-history":[{"count":14,"href":"https:\/\/www.neuroticosanonimosbv.org.mx\/sitio\/wp-json\/wp\/v2\/pages\/331\/revisions"}],"predecessor-version":[{"id":345,"href":"https:\/\/www.neuroticosanonimosbv.org.mx\/sitio\/wp-json\/wp\/v2\/pages\/331\/revisions\/345"}],"wp:attachment":[{"href":"https:\/\/www.neuroticosanonimosbv.org.mx\/sitio\/wp-json\/wp\/v2\/media?parent=331"}],"curies":[{"name":"wp","href":"https:\/\/api.w.org\/{rel}","templated":true}]}}