{"id":285,"date":"2017-02-16T21:56:36","date_gmt":"2017-02-17T03:56:36","guid":{"rendered":"http:\/\/www.neuroticosanonimosbv.org.mx\/sitio\/?page_id=285"},"modified":"2024-03-07T18:49:47","modified_gmt":"2024-03-08T00:49:47","slug":"directorio-en-chihuahua","status":"publish","type":"page","link":"https:\/\/www.neuroticosanonimosbv.org.mx\/sitio\/directorio-en-chihuahua\/","title":{"rendered":"Directorio en Ciudad Ju\u00e1rez"},"content":{"rendered":"<table class=\"bvcelda1\">\n<tbody>\n<tr>\n<td class=\"bvcelda1 bvt9\" style=\"vertical-align: top;\" width=\"40%\"><b>Buena Voluntad 24 Hrs. Ciudad Ju\u00e1rez<\/b><br \/>\nCalle Calle Carlos Villarreal No. 2660<br \/>\nCol. Margaritas<br \/>\nCiudad Ju\u00e1rez, Chih.<br \/>\nTel. (656) 615-5181<br \/>\nCorreo e: bvcdjuarez@gmail.com<br \/>\nHorario:<br \/>\nLunes a S\u00e1bado de 16:00 a 22:00<br \/>\nDomingo de 09:00 a 13:00<br \/>\nServicio adicional:<br \/>\nNeur-A-Teen<br \/>\nHorario: Domingos de 12:00 a 14:00<\/td>\n<td class=\"bvcelda1\" width=\"60%\"><iframe loading=\"lazy\" style=\"border: 0;\" src=\"https:\/\/www.google.com\/maps\/embed?pb=!1m18!1m12!1m3!1d1696.604083026801!2d-106.43896906024915!3d31.737518526553032!2m3!1f0!2f0!3f0!3m2!1i1024!2i768!4f13.1!3m3!1m2!1s0x0%3A0x771070894436ca0b!2sNeur%C3%B3ticos+An%C3%B3nimos+Neur-A-Teen!5e0!3m2!1ses!2smx!4v1492462807976\" width=\"600\" height=\"350\" frameborder=\"0\" allowfullscreen=\"allowfullscreen\"><\/iframe><\/td>\n<\/tr>\n<\/tbody>\n<\/table>\n<table class=\"bvcelda1\">\n<tbody>\n<tr>\n<td class=\"bvcelda1 bvt9\" style=\"vertical-align: top;\" width=\"40%\"><b>Buena Voluntad Ampliaci\u00f3n Ciudad Ju\u00e1rez<\/b><\/td>\n<td class=\"bvcelda1\" width=\"60%\"><\/td>\n<\/tr>\n<\/tbody>\n<\/table>\n","protected":false},"excerpt":{"rendered":"<p>Buena Voluntad 24 Hrs. Ciudad Ju\u00e1rez Calle Calle Carlos Villarreal No. 2660 Col. Margaritas Ciudad Ju\u00e1rez, Chih. Tel. (656) 615-5181 Correo e: bvcdjuarez@gmail.com Horario: Lunes a S\u00e1bado de 16:00 a 22:00 Domingo de 09:00 a 13:00 Servicio adicional: Neur-A-Teen Horario: Domingos de 12:00 a 14:00 Buena Voluntad Ampliaci\u00f3n Ciudad Ju\u00e1rez<\/p>\n","protected":false},"author":4,"featured_media":0,"parent":0,"menu_order":0,"comment_status":"closed","ping_status":"closed","template":"","meta":{"footnotes":""},"class_list":["post-285","page","type-page","status-publish","hentry"],"_links":{"self":[{"href":"https:\/\/www.neuroticosanonimosbv.org.mx\/sitio\/wp-json\/wp\/v2\/pages\/285","targetHints":{"allow":["GET"]}}],"collection":[{"href":"https:\/\/www.neuroticosanonimosbv.org.mx\/sitio\/wp-json\/wp\/v2\/pages"}],"about":[{"href":"https:\/\/www.neuroticosanonimosbv.org.mx\/sitio\/wp-json\/wp\/v2\/types\/page"}],"author":[{"embeddable":true,"href":"https:\/\/www.neuroticosanonimosbv.org.mx\/sitio\/wp-json\/wp\/v2\/users\/4"}],"replies":[{"embeddable":true,"href":"https:\/\/www.neuroticosanonimosbv.org.mx\/sitio\/wp-json\/wp\/v2\/comments?post=285"}],"version-history":[{"count":19,"href":"https:\/\/www.neuroticosanonimosbv.org.mx\/sitio\/wp-json\/wp\/v2\/pages\/285\/revisions"}],"predecessor-version":[{"id":2859,"href":"https:\/\/www.neuroticosanonimosbv.org.mx\/sitio\/wp-json\/wp\/v2\/pages\/285\/revisions\/2859"}],"wp:attachment":[{"href":"https:\/\/www.neuroticosanonimosbv.org.mx\/sitio\/wp-json\/wp\/v2\/media?parent=285"}],"curies":[{"name":"wp","href":"https:\/\/api.w.org\/{rel}","templated":true}]}}