{"id":28,"date":"2016-10-31T21:54:29","date_gmt":"2016-11-01T03:54:29","guid":{"rendered":"http:\/\/www.neuroticosanonimosbv.org.mx\/?page_id=28"},"modified":"2021-04-22T22:41:47","modified_gmt":"2021-04-23T04:41:47","slug":"home","status":"publish","type":"page","link":"https:\/\/www.neuroticosanonimosbv.org.mx\/sitio\/","title":{"rendered":"<!--home-->"},"content":{"rendered":"<p>[et_pb_section bb_built=&#8221;1&#8243;][et_pb_row][et_pb_column type=&#8221;4_4&#8243;][et_pb_text _builder_version=&#8221;3.10.2&#8243;]<\/p>\n<p><img decoding=\"async\" class=\"wp-image-29 aligncenter\" src=\"http:\/\/www.neuroticosanonimosbv.org.mx\/sitio\/elementos\/datos2.png\" alt=\"datos\" \/><br \/>\n<img decoding=\"async\" class=\"wp-image-29 aligncenter\" src=\"http:\/\/www.neuroticosanonimosbv.org.mx\/sitio\/elementos\/bannerhome.png\" alt=\"Junta p\u00fablica de informaci\u00f3n\" \/><\/p>\n<table class=\"bvcelda1\" width=\"100%\">\n<tbody>\n<tr style=\"font-size: xx-small;\">\n<td class=\"bvcelda1\"><\/td>\n<td class=\"bvcelda1\" width=\"12%\"><\/td>\n<td class=\"bvcelda1\" width=\"60%\"><\/td>\n<\/tr>\n<tr>\n<td class=\"bvcelda1\" rowspan=\"11\"><img decoding=\"async\" class=\"wp-image-29 aligncenter\" src=\"http:\/\/www.neuroticosanonimosbv.org.mx\/sitio\/elementos\/testimonio.png\" alt=\"Testimonio\" width=\"200\" \/><\/td>\n<td class=\"bvt1 bvcelda1\" style=\"padding-bottom: 0.1em;\" colspan=\"2\">Testimonios<\/td>\n<\/tr>\n<tr>\n<td class=\"bvt2 bvcelda2\" style=\"padding-top: 0.1em;\" colspan=\"2\">EXPERIENCIAS VIVIDAS Y SUPERADAS<\/td>\n<\/tr>\n<tr>\n<td class=\"bvt3 bvcelda2\">Miedo<\/td>\n<td class=\"bvt4 bvcelda2\">Miedos incontrolables, man\u00edas inexplicables y supersticiones<\/td>\n<\/tr>\n<tr>\n<td class=\"bvt3 bvcelda2\">Angustia<\/td>\n<td class=\"bvt4 bvcelda2\">Cuando el encontrar pareja se convierte en una obsesi\u00f3n y frustraci\u00f3n<\/td>\n<\/tr>\n<tr>\n<td class=\"bvt3 bvcelda2\">Celos<\/td>\n<td class=\"bvt4 bvcelda2\">El infierno de los celos, las personas que los padecen y los que lo rodean<\/td>\n<\/tr>\n<tr>\n<td class=\"bvt3 bvcelda2\">Gula<\/td>\n<td class=\"bvt4 bvcelda2\">Cuando la satisfacci\u00f3n del hambre se lleva hasta las \u00faltimas consecuencias<\/td>\n<\/tr>\n<tr>\n<td class=\"bvt3 bvcelda2\">Depresi\u00f3n<\/td>\n<td class=\"bvt4 bvcelda2\">\u00bfCansancio real o p\u00e9rdida de la ambici\u00f3n en la vida por todas las cosas?<\/td>\n<\/tr>\n<tr>\n<td class=\"bvt3 bvcelda2\">Soledad<\/td>\n<td class=\"bvt4 bvcelda2\">La sana autoestima y su m\u00e1xima distorsi\u00f3n como barrera para relacionarse<\/td>\n<\/tr>\n<tr>\n<td class=\"bvt3 bvcelda2\">Suicidio<\/td>\n<td class=\"bvt4 bvcelda2\">El suicidio, \u00faltimo grado del mal car\u00e1cter (una forma de llamar la atenci\u00f3n)<\/td>\n<\/tr>\n<tr>\n<td class=\"bvt3 bvcelda2\">Tristeza<\/td>\n<td class=\"bvt4 bvcelda2\">La incapacidad de disfrutar las pertenencias por observar las ajenas<\/td>\n<\/tr>\n<tr>\n<td class=\"bvt2 bvcelda1\" style=\"text-align: right; padding-right: 10px;\" colspan=\"2\"><a class=\"bvt2\" href=\"http:\/\/www.neuroticosanonimosbv.org.mx\/sitio\/testimonios\">M\u00c1S EXPERIENCIAS<\/a><\/td>\n<\/tr>\n<\/tbody>\n<\/table>\n<table class=\"bvcelda1\" width=\"100%\">\n<tbody>\n<tr style=\"font-size: 2px;\">\n<td width=\"40%\"><\/td>\n<td width=\"60%\"><\/td>\n<\/tr>\n<tr>\n<td class=\"bvt5 bvcelda1\" colspan=\"2\">Servicios del Movimiento Buena Voluntad 24 horas<\/td>\n<\/tr>\n<tr>\n<td class=\"bvcelda1\" colspan=\"2\"><\/td>\n<\/tr>\n<tr>\n<td class=\"bvcelda1\" rowspan=\"4\"><img loading=\"lazy\" decoding=\"async\" class=\"alignnone size-medium wp-image-2032\" src=\"https:\/\/www.neuroticosanonimosbv.org.mx\/sitio\/wp-content\/uploads\/2016\/10\/logo-300x300.jpg\" alt=\"\" width=\"300\" height=\"300\" srcset=\"https:\/\/www.neuroticosanonimosbv.org.mx\/sitio\/wp-content\/uploads\/2016\/10\/logo-300x300.jpg 300w, https:\/\/www.neuroticosanonimosbv.org.mx\/sitio\/wp-content\/uploads\/2016\/10\/logo-150x150.jpg 150w, https:\/\/www.neuroticosanonimosbv.org.mx\/sitio\/wp-content\/uploads\/2016\/10\/logo.jpg 500w\" sizes=\"auto, (max-width: 300px) 85vw, 300px\" \/><\/td>\n<td class=\"bvt2 bvcelda3\" width=\"15%\">Alrededor del mundo<\/td>\n<\/tr>\n<tr>\n<td class=\"bvt1 bvcelda4\">Buena Voluntad en el mundo<\/td>\n<\/tr>\n<tr>\n<td class=\"bvt3 bvcelda5\">Servicio que se brinda a personas que no cuentan con un grupo de terapia en su ciudad.<\/td>\n<\/tr>\n<tr>\n<td class=\"bvt3 bvcelda1\"><\/td>\n<\/tr>\n<tr style=\"font-size: 5px;\">\n<td class=\"bvcelda1\" colspan=\"2\"><\/td>\n<\/tr>\n<tr>\n<td class=\"bvcelda1\" rowspan=\"3\"><img decoding=\"async\" class=\"bvimg1\" src=\"http:\/\/www.neuroticosanonimosbv.org.mx\/sitio\/elementos\/teen.png\" alt=\"Neur-A-teen\" \/><\/td>\n<td class=\"bvt2 bvcelda3\" width=\"15%\">Atenci\u00f3n a ni\u00f1os y adolescentes<\/td>\n<\/tr>\n<tr>\n<td class=\"bvt1 bvcelda4\">Neur-A-teen<\/td>\n<\/tr>\n<tr>\n<td class=\"bvt3 bvcelda5\">Enfocado a la atenci\u00f3n de ni\u00f1os y adolescentes afectados por la neurosis de sus padres y su medio ambiente.<\/td>\n<\/tr>\n<tr style=\"font-size: 5px;\">\n<td class=\"bvcelda1\" colspan=\"2\"><\/td>\n<\/tr>\n<tr>\n<td class=\"bvcelda1\" rowspan=\"3\"><img decoding=\"async\" class=\"bvimg1\" src=\"http:\/\/www.neuroticosanonimosbv.org.mx\/sitio\/elementos\/chbv.png\" alt=\"Casas Hogar\" \/><\/td>\n<td class=\"bvt2 bvcelda3\" width=\"15%\">Anexo voluntario<\/td>\n<\/tr>\n<tr>\n<td class=\"bvt1 bvcelda4\">Casas Hogar de la Buena Voluntad A.C.<\/td>\n<\/tr>\n<tr>\n<td class=\"bvt3 bvcelda5\">Estancia temporal y voluntaria alejados de su medio ambiente para dedicarse por completo a la recuperaci\u00f3n de su estabilidad emocional.<\/td>\n<\/tr>\n<tr style=\"font-size: 5px;\">\n<td class=\"bvcelda1\" colspan=\"2\"><\/td>\n<\/tr>\n<tr>\n<td class=\"bvcelda1\" rowspan=\"3\"><img decoding=\"async\" class=\"bvimg1\" src=\"http:\/\/www.neuroticosanonimosbv.org.mx\/sitio\/elementos\/silentes.png\" alt=\"Silentes\" \/><\/td>\n<td class=\"bvt2 bvcelda3\" width=\"15%\">Apoyo a personas con discapacidad auditiva<\/td>\n<\/tr>\n<tr>\n<td class=\"bvt1 bvcelda4\">Silentes<\/td>\n<\/tr>\n<tr>\n<td class=\"bvt3 bvcelda5\">Atiende a personas con alguna disminuci\u00f3n o p\u00e9rdida total de sus capacidades auditivas.<\/td>\n<\/tr>\n<tr style=\"font-size: 5px;\">\n<td class=\"bvcelda1\" colspan=\"2\"><\/td>\n<\/tr>\n<\/tbody>\n<\/table>\n<p>[\/et_pb_text][\/et_pb_column][\/et_pb_row][\/et_pb_section]<\/p>\n","protected":false},"excerpt":{"rendered":"<p>[et_pb_section bb_built=&#8221;1&#8243;][et_pb_row][et_pb_column type=&#8221;4_4&#8243;][et_pb_text _builder_version=&#8221;3.10.2&#8243;] Testimonios EXPERIENCIAS VIVIDAS Y SUPERADAS Miedo Miedos incontrolables, man\u00edas inexplicables y supersticiones Angustia Cuando el encontrar pareja se convierte en una obsesi\u00f3n y frustraci\u00f3n Celos El infierno de los celos, las personas que los padecen y los que lo rodean Gula Cuando la satisfacci\u00f3n del hambre se lleva hasta las \u00faltimas &hellip; <a href=\"https:\/\/www.neuroticosanonimosbv.org.mx\/sitio\/\" class=\"more-link\">Continuar leyendo<span class=\"screen-reader-text\"> &#8220;<!--home-->&#8220;<\/span><\/a><\/p>\n","protected":false},"author":4,"featured_media":0,"parent":0,"menu_order":0,"comment_status":"closed","ping_status":"closed","template":"","meta":{"footnotes":""},"class_list":["post-28","page","type-page","status-publish","hentry"],"_links":{"self":[{"href":"https:\/\/www.neuroticosanonimosbv.org.mx\/sitio\/wp-json\/wp\/v2\/pages\/28","targetHints":{"allow":["GET"]}}],"collection":[{"href":"https:\/\/www.neuroticosanonimosbv.org.mx\/sitio\/wp-json\/wp\/v2\/pages"}],"about":[{"href":"https:\/\/www.neuroticosanonimosbv.org.mx\/sitio\/wp-json\/wp\/v2\/types\/page"}],"author":[{"embeddable":true,"href":"https:\/\/www.neuroticosanonimosbv.org.mx\/sitio\/wp-json\/wp\/v2\/users\/4"}],"replies":[{"embeddable":true,"href":"https:\/\/www.neuroticosanonimosbv.org.mx\/sitio\/wp-json\/wp\/v2\/comments?post=28"}],"version-history":[{"count":113,"href":"https:\/\/www.neuroticosanonimosbv.org.mx\/sitio\/wp-json\/wp\/v2\/pages\/28\/revisions"}],"predecessor-version":[{"id":2033,"href":"https:\/\/www.neuroticosanonimosbv.org.mx\/sitio\/wp-json\/wp\/v2\/pages\/28\/revisions\/2033"}],"wp:attachment":[{"href":"https:\/\/www.neuroticosanonimosbv.org.mx\/sitio\/wp-json\/wp\/v2\/media?parent=28"}],"curies":[{"name":"wp","href":"https:\/\/api.w.org\/{rel}","templated":true}]}}