{"id":175,"date":"2017-02-15T18:31:29","date_gmt":"2017-02-16T00:31:29","guid":{"rendered":"http:\/\/www.neuroticosanonimosbv.org.mx\/sitio\/?page_id=175"},"modified":"2021-04-22T22:47:33","modified_gmt":"2021-04-23T04:47:33","slug":"literatura","status":"publish","type":"page","link":"https:\/\/www.neuroticosanonimosbv.org.mx\/sitio\/literatura\/","title":{"rendered":"Literatura"},"content":{"rendered":"<p class=\"bvt9\">\nEl Movimiento Buena Voluntad de Neur\u00f3ticos An\u00f3nimos pone a su disposici\u00f3n los siguientes t\u00edtulos:<\/p>\n<p class=\"bvt9 bvt9b\"><img loading=\"lazy\" decoding=\"async\" src=\"http:\/\/www.neuroticosanonimosbv.org.mx\/sitio\/elementos\/bullet.gif\" width=\"10\" height=\"10\" align=\"bottom\" \/>\u00a0<a style=\"color: #b97c4d;\" href=\"http:\/\/www.neuroticosanonimosbv.org.mx\/sitio\/las-leyes-de-la-enfermedad\/\">Las Leyes de la Enfermedad Mental y Emocional<\/a><\/p>\n<p class=\"bvt9 bvt9b\"><img loading=\"lazy\" decoding=\"async\" src=\"http:\/\/www.neuroticosanonimosbv.org.mx\/sitio\/elementos\/bullet.gif\" width=\"10\" height=\"10\" align=\"bottom\" \/>\u00a0<a style=\"color: #b97c4d;\" href=\"http:\/\/www.neuroticosanonimosbv.org.mx\/sitio\/los-12-pasos-de-na\/\">Los 12 pasos de Neur\u00f3ticos An\u00f3nimos<\/a><\/p>\n<p class=\"bvt9 bvt9b\"><img loading=\"lazy\" decoding=\"async\" src=\"http:\/\/www.neuroticosanonimosbv.org.mx\/sitio\/elementos\/bullet.gif\" width=\"10\" height=\"10\" align=\"bottom\" \/>\u00a0<a style=\"color: #b97c4d;\" href=\"http:\/\/www.neuroticosanonimosbv.org.mx\/sitio\/doce-tradiciones-de-aa\/\">Las 12 tradiciones de Neur\u00f3ticos An\u00f3nimos<\/a><\/p>\n<p class=\"bvt9 bvt9b\"><img loading=\"lazy\" decoding=\"async\" src=\"http:\/\/www.neuroticosanonimosbv.org.mx\/sitio\/elementos\/bullet.gif\" width=\"10\" height=\"10\" align=\"bottom\" \/>\u00a0<a style=\"color: #b97c4d;\" href=\"http:\/\/www.neuroticosanonimosbv.org.mx\/sitio\/los-12-pasos-de-nat\/\">Los 12 pasos de Neur-A-teen<\/a><\/p>\n","protected":false},"excerpt":{"rendered":"<p>El Movimiento Buena Voluntad de Neur\u00f3ticos An\u00f3nimos pone a su disposici\u00f3n los siguientes t\u00edtulos: \u00a0Las Leyes de la Enfermedad Mental y Emocional \u00a0Los 12 pasos de Neur\u00f3ticos An\u00f3nimos \u00a0Las 12 tradiciones de Neur\u00f3ticos An\u00f3nimos \u00a0Los 12 pasos de Neur-A-teen<\/p>\n","protected":false},"author":4,"featured_media":0,"parent":0,"menu_order":0,"comment_status":"closed","ping_status":"closed","template":"","meta":{"footnotes":""},"class_list":["post-175","page","type-page","status-publish","hentry"],"_links":{"self":[{"href":"https:\/\/www.neuroticosanonimosbv.org.mx\/sitio\/wp-json\/wp\/v2\/pages\/175","targetHints":{"allow":["GET"]}}],"collection":[{"href":"https:\/\/www.neuroticosanonimosbv.org.mx\/sitio\/wp-json\/wp\/v2\/pages"}],"about":[{"href":"https:\/\/www.neuroticosanonimosbv.org.mx\/sitio\/wp-json\/wp\/v2\/types\/page"}],"author":[{"embeddable":true,"href":"https:\/\/www.neuroticosanonimosbv.org.mx\/sitio\/wp-json\/wp\/v2\/users\/4"}],"replies":[{"embeddable":true,"href":"https:\/\/www.neuroticosanonimosbv.org.mx\/sitio\/wp-json\/wp\/v2\/comments?post=175"}],"version-history":[{"count":11,"href":"https:\/\/www.neuroticosanonimosbv.org.mx\/sitio\/wp-json\/wp\/v2\/pages\/175\/revisions"}],"predecessor-version":[{"id":2034,"href":"https:\/\/www.neuroticosanonimosbv.org.mx\/sitio\/wp-json\/wp\/v2\/pages\/175\/revisions\/2034"}],"wp:attachment":[{"href":"https:\/\/www.neuroticosanonimosbv.org.mx\/sitio\/wp-json\/wp\/v2\/media?parent=175"}],"curies":[{"name":"wp","href":"https:\/\/api.w.org\/{rel}","templated":true}]}}