{"id":172,"date":"2017-02-15T18:19:52","date_gmt":"2017-02-16T00:19:52","guid":{"rendered":"http:\/\/www.neuroticosanonimosbv.org.mx\/sitio\/?page_id=172"},"modified":"2017-02-15T18:23:41","modified_gmt":"2017-02-16T00:23:41","slug":"financiamiento","status":"publish","type":"page","link":"https:\/\/www.neuroticosanonimosbv.org.mx\/sitio\/financiamiento\/","title":{"rendered":"Pol\u00edtica de financiamiento"},"content":{"rendered":"<p class=\"bvt9\">\n<br \/>\nLos grupos del Movimiento Buena Voluntad 24 hrs., de Neur\u00f3ticos An\u00f3nimos son sostenidos completamente por las contribuciones voluntarias de sus miembros. No se solicitan, ni aceptan contribuciones econ\u00f3micas o en especie, por parte de personas o Instituciones ajenas a los grupos.\n<\/p>\n<p class=\"bvt9\">Todo los miembros son libres de contribuir con lo que deseen o puedan, de acuerdo a su capacidad econ\u00f3mica.\n<\/p>\n<p class=\"bvt9\">Como grupo, los gastos generados son: el alquiler del lugar de reuni\u00f3n, caf\u00e9, t\u00e9, gas,  y otros, se sufragan con base en nuestra s\u00e9ptima tradici\u00f3n, que dice que &#8220;nos mantenemos con nuestras propias contribuciones voluntarias&#8221;. La mayor\u00eda de los grupos reserva una parte de su colecta para el pago de trabajos de mantenimiento del lugar de reuni\u00f3n y de servicios p\u00fablicos (tel\u00e9fono, luz, agua potable, etc.), as\u00ed como tambi\u00e9n, para la manutenci\u00f3n de Casa Hogar, Neur-A-Teen, apertura de nuevos grupos, impresi\u00f3n de carteles, folletos, etc.\n<\/p>\n<p class=\"bvt9\">No es necesario pagar honorarios ni cuotas para ser miembro de Neur\u00f3ticos An\u00f3nimos, todos los grupos se benefician de las actividades del Movimiento Buena Voluntad 24 hrs., de Neur\u00f3ticos An\u00f3nimos, que se realizan a trav\u00e9s de aportaciones voluntarias de sus integrantes.<\/p>\n","protected":false},"excerpt":{"rendered":"<p>Los grupos del Movimiento Buena Voluntad 24 hrs., de Neur\u00f3ticos An\u00f3nimos son sostenidos completamente por las contribuciones voluntarias de sus miembros. No se solicitan, ni aceptan contribuciones econ\u00f3micas o en especie, por parte de personas o Instituciones ajenas a los grupos. Todo los miembros son libres de contribuir con lo que deseen o puedan, de &hellip; <a href=\"https:\/\/www.neuroticosanonimosbv.org.mx\/sitio\/financiamiento\/\" class=\"more-link\">Continuar leyendo<span class=\"screen-reader-text\"> &#8220;Pol\u00edtica de financiamiento&#8221;<\/span><\/a><\/p>\n","protected":false},"author":4,"featured_media":0,"parent":0,"menu_order":0,"comment_status":"closed","ping_status":"closed","template":"","meta":{"footnotes":""},"class_list":["post-172","page","type-page","status-publish","hentry"],"_links":{"self":[{"href":"https:\/\/www.neuroticosanonimosbv.org.mx\/sitio\/wp-json\/wp\/v2\/pages\/172","targetHints":{"allow":["GET"]}}],"collection":[{"href":"https:\/\/www.neuroticosanonimosbv.org.mx\/sitio\/wp-json\/wp\/v2\/pages"}],"about":[{"href":"https:\/\/www.neuroticosanonimosbv.org.mx\/sitio\/wp-json\/wp\/v2\/types\/page"}],"author":[{"embeddable":true,"href":"https:\/\/www.neuroticosanonimosbv.org.mx\/sitio\/wp-json\/wp\/v2\/users\/4"}],"replies":[{"embeddable":true,"href":"https:\/\/www.neuroticosanonimosbv.org.mx\/sitio\/wp-json\/wp\/v2\/comments?post=172"}],"version-history":[{"count":2,"href":"https:\/\/www.neuroticosanonimosbv.org.mx\/sitio\/wp-json\/wp\/v2\/pages\/172\/revisions"}],"predecessor-version":[{"id":174,"href":"https:\/\/www.neuroticosanonimosbv.org.mx\/sitio\/wp-json\/wp\/v2\/pages\/172\/revisions\/174"}],"wp:attachment":[{"href":"https:\/\/www.neuroticosanonimosbv.org.mx\/sitio\/wp-json\/wp\/v2\/media?parent=172"}],"curies":[{"name":"wp","href":"https:\/\/api.w.org\/{rel}","templated":true}]}}